{"id":1428,"date":"2022-01-27T15:32:01","date_gmt":"2022-01-27T15:32:01","guid":{"rendered":"https:\/\/moikk.hu\/?page_id=1428"},"modified":"2024-12-07T12:15:40","modified_gmt":"2024-12-07T12:15:40","slug":"dr-somogyi-eva","status":"publish","type":"page","link":"https:\/\/moikk.hu\/index.php\/dr-somogyi-eva\/","title":{"rendered":"Dr. Somogyi \u00c9va"},"content":{"rendered":"\n<p style=\"font-size:1px\">.<\/p>\n\n\n\n<ul class=\"wp-block-list\">\n<li style=\"font-size:22px\"><a href=\"https:\/\/moikk.hu\/wp-content\/uploads\/2024\/12\/SomogyiE-24dec.pdf\">Felt\u00f6ltve 2024 december\u00e9ben<\/a><\/li>\n<\/ul>\n\n\n\n<p style=\"font-size:1px\">.<\/p>\n\n\n\n<p style=\"font-size:26px\"><strong>Felt\u00e9ve 2024 janu\u00e1rj\u00e1ban:<\/strong><\/p>\n\n\n\n<figure class=\"wp-block-image size-full is-style-default\"><img loading=\"lazy\" decoding=\"async\" width=\"453\" height=\"453\" src=\"https:\/\/moikk.hu\/wp-content\/uploads\/2024\/01\/Barcode-Pasztell.jpg\" alt=\"\" class=\"wp-image-2747\" srcset=\"https:\/\/moikk.hu\/wp-content\/uploads\/2024\/01\/Barcode-Pasztell.jpg 453w, https:\/\/moikk.hu\/wp-content\/uploads\/2024\/01\/Barcode-Pasztell-300x300.jpg 300w, https:\/\/moikk.hu\/wp-content\/uploads\/2024\/01\/Barcode-Pasztell-150x150.jpg 150w\" sizes=\"auto, (max-width: 453px) 100vw, 453px\" \/><figcaption class=\"wp-element-caption\">Barcode &#8211; pasztell<\/figcaption><\/figure>\n\n\n\n<figure class=\"wp-block-image size-large is-style-default\"><img loading=\"lazy\" decoding=\"async\" width=\"1024\" height=\"829\" src=\"https:\/\/moikk.hu\/wp-content\/uploads\/2024\/01\/MEDUZA-1024x829.jpg\" alt=\"\" class=\"wp-image-2749\" srcset=\"https:\/\/moikk.hu\/wp-content\/uploads\/2024\/01\/MEDUZA-1024x829.jpg 1024w, https:\/\/moikk.hu\/wp-content\/uploads\/2024\/01\/MEDUZA-300x243.jpg 300w, https:\/\/moikk.hu\/wp-content\/uploads\/2024\/01\/MEDUZA-768x621.jpg 768w, https:\/\/moikk.hu\/wp-content\/uploads\/2024\/01\/MEDUZA-1536x1243.jpg 1536w, https:\/\/moikk.hu\/wp-content\/uploads\/2024\/01\/MEDUZA-2048x1657.jpg 2048w, https:\/\/moikk.hu\/wp-content\/uploads\/2024\/01\/MEDUZA-850x688.jpg 850w\" sizes=\"auto, (max-width: 1024px) 100vw, 1024px\" \/><figcaption class=\"wp-element-caption\">Med\u00faza<\/figcaption><\/figure>\n\n\n\n<figure class=\"wp-block-image size-full is-style-default\"><img loading=\"lazy\" decoding=\"async\" width=\"475\" height=\"664\" src=\"https:\/\/moikk.hu\/wp-content\/uploads\/2024\/01\/Egri-anzix-linometszet.jpg\" alt=\"\" class=\"wp-image-2753\" srcset=\"https:\/\/moikk.hu\/wp-content\/uploads\/2024\/01\/Egri-anzix-linometszet.jpg 475w, https:\/\/moikk.hu\/wp-content\/uploads\/2024\/01\/Egri-anzix-linometszet-215x300.jpg 215w, https:\/\/moikk.hu\/wp-content\/uploads\/2024\/01\/Egri-anzix-linometszet-300x419.jpg 300w\" sizes=\"auto, (max-width: 475px) 100vw, 475px\" \/><figcaption class=\"wp-element-caption\">Egri anzix &#8211; lin\u00f3metszet<\/figcaption><\/figure>\n\n\n\n<figure class=\"wp-block-image size-full is-style-default\"><img loading=\"lazy\" decoding=\"async\" width=\"481\" height=\"348\" src=\"https:\/\/moikk.hu\/wp-content\/uploads\/2024\/01\/NICHE-Pasztell.jpg\" alt=\"\" class=\"wp-image-2754\" srcset=\"https:\/\/moikk.hu\/wp-content\/uploads\/2024\/01\/NICHE-Pasztell.jpg 481w, https:\/\/moikk.hu\/wp-content\/uploads\/2024\/01\/NICHE-Pasztell-300x217.jpg 300w\" sizes=\"auto, (max-width: 481px) 100vw, 481px\" \/><figcaption class=\"wp-element-caption\">Niche &#8211; pasztell<\/figcaption><\/figure>\n\n\n\n<figure class=\"wp-block-image size-large is-style-default\"><img loading=\"lazy\" decoding=\"async\" width=\"1024\" height=\"761\" src=\"https:\/\/moikk.hu\/wp-content\/uploads\/2024\/01\/SAENTIS-1024x761.jpg\" alt=\"\" class=\"wp-image-2750\" srcset=\"https:\/\/moikk.hu\/wp-content\/uploads\/2024\/01\/SAENTIS-1024x761.jpg 1024w, https:\/\/moikk.hu\/wp-content\/uploads\/2024\/01\/SAENTIS-300x223.jpg 300w, https:\/\/moikk.hu\/wp-content\/uploads\/2024\/01\/SAENTIS-768x571.jpg 768w, https:\/\/moikk.hu\/wp-content\/uploads\/2024\/01\/SAENTIS-1536x1141.jpg 1536w, https:\/\/moikk.hu\/wp-content\/uploads\/2024\/01\/SAENTIS-2048x1521.jpg 2048w, https:\/\/moikk.hu\/wp-content\/uploads\/2024\/01\/SAENTIS-850x631.jpg 850w\" sizes=\"auto, (max-width: 1024px) 100vw, 1024px\" \/><figcaption class=\"wp-element-caption\">Saentis<\/figcaption><\/figure>\n\n\n\n<p style=\"font-size:26px\"><strong>Felt\u00e9ve 2023 janu\u00e1rj\u00e1ban:<\/strong><\/p>\n\n\n\n<figure class=\"wp-block-image size-large is-style-default\"><img loading=\"lazy\" decoding=\"async\" width=\"768\" height=\"1024\" src=\"https:\/\/moikk.hu\/wp-content\/uploads\/2023\/01\/Hangarnyek-olaj-vaszon-30x40-cm-min-768x1024.jpg\" alt=\"\" class=\"wp-image-2490\" srcset=\"https:\/\/moikk.hu\/wp-content\/uploads\/2023\/01\/Hangarnyek-olaj-vaszon-30x40-cm-min-768x1024.jpg 768w, https:\/\/moikk.hu\/wp-content\/uploads\/2023\/01\/Hangarnyek-olaj-vaszon-30x40-cm-min-225x300.jpg 225w, https:\/\/moikk.hu\/wp-content\/uploads\/2023\/01\/Hangarnyek-olaj-vaszon-30x40-cm-min-1152x1536.jpg 1152w, https:\/\/moikk.hu\/wp-content\/uploads\/2023\/01\/Hangarnyek-olaj-vaszon-30x40-cm-min-1536x2048.jpg 1536w, https:\/\/moikk.hu\/wp-content\/uploads\/2023\/01\/Hangarnyek-olaj-vaszon-30x40-cm-min-300x400.jpg 300w, https:\/\/moikk.hu\/wp-content\/uploads\/2023\/01\/Hangarnyek-olaj-vaszon-30x40-cm-min-850x1133.jpg 850w, https:\/\/moikk.hu\/wp-content\/uploads\/2023\/01\/Hangarnyek-olaj-vaszon-30x40-cm-min-scaled.jpg 1920w\" sizes=\"auto, (max-width: 768px) 100vw, 768px\" \/><figcaption class=\"wp-element-caption\"><strong>Hang\u00e1rny\u00e9k<\/strong><\/figcaption><\/figure>\n\n\n\n<figure class=\"wp-block-image size-large is-style-default\"><img loading=\"lazy\" decoding=\"async\" width=\"1024\" height=\"768\" src=\"https:\/\/moikk.hu\/wp-content\/uploads\/2023\/01\/Meduza-fluid-art-akril-farost-45x55-cm-min-1024x768.jpg\" alt=\"\" class=\"wp-image-2491\" srcset=\"https:\/\/moikk.hu\/wp-content\/uploads\/2023\/01\/Meduza-fluid-art-akril-farost-45x55-cm-min-1024x768.jpg 1024w, https:\/\/moikk.hu\/wp-content\/uploads\/2023\/01\/Meduza-fluid-art-akril-farost-45x55-cm-min-300x225.jpg 300w, https:\/\/moikk.hu\/wp-content\/uploads\/2023\/01\/Meduza-fluid-art-akril-farost-45x55-cm-min-768x576.jpg 768w, https:\/\/moikk.hu\/wp-content\/uploads\/2023\/01\/Meduza-fluid-art-akril-farost-45x55-cm-min-1536x1152.jpg 1536w, https:\/\/moikk.hu\/wp-content\/uploads\/2023\/01\/Meduza-fluid-art-akril-farost-45x55-cm-min-2048x1536.jpg 2048w, https:\/\/moikk.hu\/wp-content\/uploads\/2023\/01\/Meduza-fluid-art-akril-farost-45x55-cm-min-850x638.jpg 850w\" sizes=\"auto, (max-width: 1024px) 100vw, 1024px\" \/><figcaption class=\"wp-element-caption\"><strong>Meduza<\/strong><\/figcaption><\/figure>\n\n\n\n<figure class=\"wp-block-image size-large is-style-default\"><img loading=\"lazy\" decoding=\"async\" width=\"1024\" height=\"768\" src=\"https:\/\/moikk.hu\/wp-content\/uploads\/2023\/01\/Saentis-olaj-vaszon-20x30-cm-min-1024x768.jpg\" alt=\"\" class=\"wp-image-2492\" srcset=\"https:\/\/moikk.hu\/wp-content\/uploads\/2023\/01\/Saentis-olaj-vaszon-20x30-cm-min-1024x768.jpg 1024w, https:\/\/moikk.hu\/wp-content\/uploads\/2023\/01\/Saentis-olaj-vaszon-20x30-cm-min-300x225.jpg 300w, https:\/\/moikk.hu\/wp-content\/uploads\/2023\/01\/Saentis-olaj-vaszon-20x30-cm-min-768x576.jpg 768w, https:\/\/moikk.hu\/wp-content\/uploads\/2023\/01\/Saentis-olaj-vaszon-20x30-cm-min-1536x1152.jpg 1536w, https:\/\/moikk.hu\/wp-content\/uploads\/2023\/01\/Saentis-olaj-vaszon-20x30-cm-min-2048x1536.jpg 2048w, https:\/\/moikk.hu\/wp-content\/uploads\/2023\/01\/Saentis-olaj-vaszon-20x30-cm-min-850x638.jpg 850w\" sizes=\"auto, (max-width: 1024px) 100vw, 1024px\" \/><figcaption class=\"wp-element-caption\"><strong>Saentis<\/strong><\/figcaption><\/figure>\n\n\n\n<figure class=\"wp-block-image size-large is-style-default\"><img loading=\"lazy\" decoding=\"async\" width=\"1024\" height=\"768\" src=\"https:\/\/moikk.hu\/wp-content\/uploads\/2023\/01\/Verzasca-akril-farost.-Fluid-art-technika-45x55cm-min-1024x768.jpg\" alt=\"\" class=\"wp-image-2493\" srcset=\"https:\/\/moikk.hu\/wp-content\/uploads\/2023\/01\/Verzasca-akril-farost.-Fluid-art-technika-45x55cm-min-1024x768.jpg 1024w, https:\/\/moikk.hu\/wp-content\/uploads\/2023\/01\/Verzasca-akril-farost.-Fluid-art-technika-45x55cm-min-300x225.jpg 300w, https:\/\/moikk.hu\/wp-content\/uploads\/2023\/01\/Verzasca-akril-farost.-Fluid-art-technika-45x55cm-min-768x576.jpg 768w, https:\/\/moikk.hu\/wp-content\/uploads\/2023\/01\/Verzasca-akril-farost.-Fluid-art-technika-45x55cm-min-1536x1152.jpg 1536w, https:\/\/moikk.hu\/wp-content\/uploads\/2023\/01\/Verzasca-akril-farost.-Fluid-art-technika-45x55cm-min-2048x1536.jpg 2048w, https:\/\/moikk.hu\/wp-content\/uploads\/2023\/01\/Verzasca-akril-farost.-Fluid-art-technika-45x55cm-min-850x638.jpg 850w\" sizes=\"auto, (max-width: 1024px) 100vw, 1024px\" \/><figcaption class=\"wp-element-caption\"><strong>Verzasca<\/strong><\/figcaption><\/figure>\n\n\n\n<p><\/p>\n\n\n\n<p style=\"font-size:26px\"><strong>Felt\u00e9ve 2022-ben:<\/strong><\/p>\n\n\n\n<figure class=\"wp-block-image size-full is-style-default\"><img loading=\"lazy\" decoding=\"async\" width=\"470\" height=\"333\" src=\"https:\/\/moikk.hu\/wp-content\/uploads\/2022\/01\/Elteto-energia-I..jpg\" alt=\"\" class=\"wp-image-1424\" srcset=\"https:\/\/moikk.hu\/wp-content\/uploads\/2022\/01\/Elteto-energia-I..jpg 470w, https:\/\/moikk.hu\/wp-content\/uploads\/2022\/01\/Elteto-energia-I.-300x213.jpg 300w\" sizes=\"auto, (max-width: 470px) 100vw, 470px\" \/><figcaption class=\"wp-element-caption\">\u00c9ltet\u0151 energia I.<\/figcaption><\/figure>\n\n\n\n<figure class=\"wp-block-image size-full is-style-default\"><img loading=\"lazy\" decoding=\"async\" width=\"470\" height=\"332\" src=\"https:\/\/moikk.hu\/wp-content\/uploads\/2022\/01\/Elteto-energia-II..jpg\" alt=\"\" class=\"wp-image-1425\" srcset=\"https:\/\/moikk.hu\/wp-content\/uploads\/2022\/01\/Elteto-energia-II..jpg 470w, https:\/\/moikk.hu\/wp-content\/uploads\/2022\/01\/Elteto-energia-II.-300x212.jpg 300w\" sizes=\"auto, (max-width: 470px) 100vw, 470px\" \/><figcaption class=\"wp-element-caption\">\u00c9ltet\u0151 energia II.<\/figcaption><\/figure>\n\n\n\n<figure class=\"wp-block-image size-full is-style-default\"><img loading=\"lazy\" decoding=\"async\" width=\"469\" height=\"665\" src=\"https:\/\/moikk.hu\/wp-content\/uploads\/2022\/01\/Esos-november-pasztell.png\" alt=\"\" class=\"wp-image-1426\" srcset=\"https:\/\/moikk.hu\/wp-content\/uploads\/2022\/01\/Esos-november-pasztell.png 469w, https:\/\/moikk.hu\/wp-content\/uploads\/2022\/01\/Esos-november-pasztell-212x300.png 212w, https:\/\/moikk.hu\/wp-content\/uploads\/2022\/01\/Esos-november-pasztell-300x425.png 300w\" sizes=\"auto, (max-width: 469px) 100vw, 469px\" \/><figcaption class=\"wp-element-caption\">Es\u0151s november (pasztell)<\/figcaption><\/figure>\n\n\n\n<figure class=\"wp-block-image size-full is-style-default\"><img loading=\"lazy\" decoding=\"async\" width=\"950\" height=\"656\" src=\"https:\/\/moikk.hu\/wp-content\/uploads\/2022\/01\/Reflexio-tus.png\" alt=\"\" class=\"wp-image-1429\" srcset=\"https:\/\/moikk.hu\/wp-content\/uploads\/2022\/01\/Reflexio-tus.png 950w, https:\/\/moikk.hu\/wp-content\/uploads\/2022\/01\/Reflexio-tus-300x207.png 300w, https:\/\/moikk.hu\/wp-content\/uploads\/2022\/01\/Reflexio-tus-768x530.png 768w, https:\/\/moikk.hu\/wp-content\/uploads\/2022\/01\/Reflexio-tus-850x587.png 850w\" sizes=\"auto, (max-width: 950px) 100vw, 950px\" \/><figcaption class=\"wp-element-caption\">Reflexi\u00f3 (tus)<\/figcaption><\/figure>\n\n\n\n<p><\/p>\n","protected":false},"excerpt":{"rendered":"<p>. . Felt\u00e9ve 2024 janu\u00e1rj\u00e1ban: Felt\u00e9ve 2023 janu\u00e1rj\u00e1ban: Felt\u00e9ve 2022-ben:<\/p>\n","protected":false},"author":1,"featured_media":0,"parent":0,"menu_order":0,"comment_status":"closed","ping_status":"closed","template":"","meta":{"footnotes":""},"class_list":["post-1428","page","type-page","status-publish","hentry"],"_links":{"self":[{"href":"https:\/\/moikk.hu\/index.php\/wp-json\/wp\/v2\/pages\/1428","targetHints":{"allow":["GET"]}}],"collection":[{"href":"https:\/\/moikk.hu\/index.php\/wp-json\/wp\/v2\/pages"}],"about":[{"href":"https:\/\/moikk.hu\/index.php\/wp-json\/wp\/v2\/types\/page"}],"author":[{"embeddable":true,"href":"https:\/\/moikk.hu\/index.php\/wp-json\/wp\/v2\/users\/1"}],"replies":[{"embeddable":true,"href":"https:\/\/moikk.hu\/index.php\/wp-json\/wp\/v2\/comments?post=1428"}],"version-history":[{"count":6,"href":"https:\/\/moikk.hu\/index.php\/wp-json\/wp\/v2\/pages\/1428\/revisions"}],"predecessor-version":[{"id":3312,"href":"https:\/\/moikk.hu\/index.php\/wp-json\/wp\/v2\/pages\/1428\/revisions\/3312"}],"wp:attachment":[{"href":"https:\/\/moikk.hu\/index.php\/wp-json\/wp\/v2\/media?parent=1428"}],"curies":[{"name":"wp","href":"https:\/\/api.w.org\/{rel}","templated":true}]}}