{"id":1377,"date":"2022-01-27T10:06:05","date_gmt":"2022-01-27T10:06:05","guid":{"rendered":"https:\/\/moikk.hu\/?page_id=1377"},"modified":"2024-12-07T12:09:30","modified_gmt":"2024-12-07T12:09:30","slug":"dr-kovatsne-marics-katalin","status":"publish","type":"page","link":"https:\/\/moikk.hu\/index.php\/dr-kovatsne-marics-katalin\/","title":{"rendered":"Dr. Kov\u00e1tsn\u00e9 Marics Katalin"},"content":{"rendered":"\n<p style=\"font-size:1px\">.<\/p>\n\n\n\n<ul class=\"wp-block-list\">\n<li style=\"font-size:22px\"><a href=\"https:\/\/moikk.hu\/wp-content\/uploads\/2024\/12\/Kovatsne-24dec.pdf\">Felt\u00f6ltve 2024 december\u00e9ben<\/a><\/li>\n<\/ul>\n\n\n\n<p style=\"font-size:1px\">.<\/p>\n\n\n\n<p style=\"font-size:26px\"><strong>Felt\u00f6ltve 2024 janu\u00e1rj\u00e1ban:<\/strong><\/p>\n\n\n\n<figure class=\"wp-block-image size-large is-style-default\"><img loading=\"lazy\" decoding=\"async\" width=\"768\" height=\"1024\" src=\"https:\/\/moikk.hu\/wp-content\/uploads\/2024\/01\/KovatsneMaricsK-Noi-akt-768x1024.jpg\" alt=\"\" class=\"wp-image-2720\" srcset=\"https:\/\/moikk.hu\/wp-content\/uploads\/2024\/01\/KovatsneMaricsK-Noi-akt-768x1024.jpg 768w, https:\/\/moikk.hu\/wp-content\/uploads\/2024\/01\/KovatsneMaricsK-Noi-akt-225x300.jpg 225w, https:\/\/moikk.hu\/wp-content\/uploads\/2024\/01\/KovatsneMaricsK-Noi-akt-1152x1536.jpg 1152w, https:\/\/moikk.hu\/wp-content\/uploads\/2024\/01\/KovatsneMaricsK-Noi-akt-1536x2048.jpg 1536w, https:\/\/moikk.hu\/wp-content\/uploads\/2024\/01\/KovatsneMaricsK-Noi-akt-300x400.jpg 300w, https:\/\/moikk.hu\/wp-content\/uploads\/2024\/01\/KovatsneMaricsK-Noi-akt-850x1133.jpg 850w, https:\/\/moikk.hu\/wp-content\/uploads\/2024\/01\/KovatsneMaricsK-Noi-akt-scaled.jpg 1920w\" sizes=\"auto, (max-width: 768px) 100vw, 768px\" \/><figcaption class=\"wp-element-caption\">N\u0151i akt<\/figcaption><\/figure>\n\n\n\n<figure class=\"wp-block-image size-large is-style-default\"><img loading=\"lazy\" decoding=\"async\" width=\"768\" height=\"1024\" src=\"https:\/\/moikk.hu\/wp-content\/uploads\/2024\/01\/KovatsneMaricsK-Toszkan-emlek-1-768x1024.jpg\" alt=\"\" class=\"wp-image-2726\" srcset=\"https:\/\/moikk.hu\/wp-content\/uploads\/2024\/01\/KovatsneMaricsK-Toszkan-emlek-1-768x1024.jpg 768w, https:\/\/moikk.hu\/wp-content\/uploads\/2024\/01\/KovatsneMaricsK-Toszkan-emlek-1-225x300.jpg 225w, https:\/\/moikk.hu\/wp-content\/uploads\/2024\/01\/KovatsneMaricsK-Toszkan-emlek-1-1152x1536.jpg 1152w, https:\/\/moikk.hu\/wp-content\/uploads\/2024\/01\/KovatsneMaricsK-Toszkan-emlek-1-1536x2048.jpg 1536w, https:\/\/moikk.hu\/wp-content\/uploads\/2024\/01\/KovatsneMaricsK-Toszkan-emlek-1-300x400.jpg 300w, https:\/\/moikk.hu\/wp-content\/uploads\/2024\/01\/KovatsneMaricsK-Toszkan-emlek-1-850x1133.jpg 850w, https:\/\/moikk.hu\/wp-content\/uploads\/2024\/01\/KovatsneMaricsK-Toszkan-emlek-1-scaled.jpg 1920w\" sizes=\"auto, (max-width: 768px) 100vw, 768px\" \/><figcaption class=\"wp-element-caption\">Toszk\u00e1n eml\u00e9k<\/figcaption><\/figure>\n\n\n\n<figure class=\"wp-block-image size-large is-style-default\"><img loading=\"lazy\" decoding=\"async\" width=\"1024\" height=\"768\" src=\"https:\/\/moikk.hu\/wp-content\/uploads\/2024\/01\/KovatsneMaricsK-Korzo-1024x768.jpg\" alt=\"\" class=\"wp-image-2723\" srcset=\"https:\/\/moikk.hu\/wp-content\/uploads\/2024\/01\/KovatsneMaricsK-Korzo-1024x768.jpg 1024w, https:\/\/moikk.hu\/wp-content\/uploads\/2024\/01\/KovatsneMaricsK-Korzo-300x225.jpg 300w, https:\/\/moikk.hu\/wp-content\/uploads\/2024\/01\/KovatsneMaricsK-Korzo-768x576.jpg 768w, https:\/\/moikk.hu\/wp-content\/uploads\/2024\/01\/KovatsneMaricsK-Korzo-1536x1152.jpg 1536w, https:\/\/moikk.hu\/wp-content\/uploads\/2024\/01\/KovatsneMaricsK-Korzo-2048x1536.jpg 2048w, https:\/\/moikk.hu\/wp-content\/uploads\/2024\/01\/KovatsneMaricsK-Korzo-850x638.jpg 850w\" sizes=\"auto, (max-width: 1024px) 100vw, 1024px\" \/><figcaption class=\"wp-element-caption\">Korz\u00f3<\/figcaption><\/figure>\n\n\n\n<p style=\"font-size:26px\"><strong>Felt\u00f6ltve 2023 janu\u00e1rj\u00e1ban:<\/strong><\/p>\n\n\n\n<figure class=\"wp-block-image size-large is-style-default\"><img loading=\"lazy\" decoding=\"async\" width=\"1024\" height=\"768\" src=\"https:\/\/moikk.hu\/wp-content\/uploads\/2023\/01\/Kne-Kavics-festmenyek-min-1024x768.jpg\" alt=\"\" class=\"wp-image-2410\" srcset=\"https:\/\/moikk.hu\/wp-content\/uploads\/2023\/01\/Kne-Kavics-festmenyek-min-1024x768.jpg 1024w, https:\/\/moikk.hu\/wp-content\/uploads\/2023\/01\/Kne-Kavics-festmenyek-min-300x225.jpg 300w, https:\/\/moikk.hu\/wp-content\/uploads\/2023\/01\/Kne-Kavics-festmenyek-min-768x576.jpg 768w, https:\/\/moikk.hu\/wp-content\/uploads\/2023\/01\/Kne-Kavics-festmenyek-min-850x637.jpg 850w, https:\/\/moikk.hu\/wp-content\/uploads\/2023\/01\/Kne-Kavics-festmenyek-min.jpg 1387w\" sizes=\"auto, (max-width: 1024px) 100vw, 1024px\" \/><figcaption class=\"wp-element-caption\"><strong>Kavics festm\u00e9nyek<\/strong><\/figcaption><\/figure>\n\n\n\n<figure class=\"wp-block-gallery has-nested-images columns-default is-cropped wp-block-gallery-1 is-layout-flex wp-block-gallery-is-layout-flex\">\n<figure class=\"wp-block-image size-large is-style-default\"><img loading=\"lazy\" decoding=\"async\" width=\"1024\" height=\"768\" data-id=\"2411\" src=\"https:\/\/moikk.hu\/wp-content\/uploads\/2023\/01\/Kne-Hangyas-ko-min-1024x768.jpg\" alt=\"\" class=\"wp-image-2411\" srcset=\"https:\/\/moikk.hu\/wp-content\/uploads\/2023\/01\/Kne-Hangyas-ko-min-1024x768.jpg 1024w, https:\/\/moikk.hu\/wp-content\/uploads\/2023\/01\/Kne-Hangyas-ko-min-300x225.jpg 300w, https:\/\/moikk.hu\/wp-content\/uploads\/2023\/01\/Kne-Hangyas-ko-min-768x576.jpg 768w, https:\/\/moikk.hu\/wp-content\/uploads\/2023\/01\/Kne-Hangyas-ko-min-850x637.jpg 850w, https:\/\/moikk.hu\/wp-content\/uploads\/2023\/01\/Kne-Hangyas-ko-min.jpg 1387w\" sizes=\"auto, (max-width: 1024px) 100vw, 1024px\" \/><figcaption class=\"wp-element-caption\"><strong>Hangy\u00e1s-k\u0151<\/strong><\/figcaption><\/figure>\n<\/figure>\n\n\n\n<figure class=\"wp-block-image size-large is-style-default\"><img loading=\"lazy\" decoding=\"async\" width=\"1024\" height=\"768\" src=\"https:\/\/moikk.hu\/wp-content\/uploads\/2023\/01\/Kne-Hazak-telen-nyaron-min-1024x768.jpg\" alt=\"\" class=\"wp-image-2412\" srcset=\"https:\/\/moikk.hu\/wp-content\/uploads\/2023\/01\/Kne-Hazak-telen-nyaron-min-1024x768.jpg 1024w, https:\/\/moikk.hu\/wp-content\/uploads\/2023\/01\/Kne-Hazak-telen-nyaron-min-300x225.jpg 300w, https:\/\/moikk.hu\/wp-content\/uploads\/2023\/01\/Kne-Hazak-telen-nyaron-min-768x576.jpg 768w, https:\/\/moikk.hu\/wp-content\/uploads\/2023\/01\/Kne-Hazak-telen-nyaron-min-850x637.jpg 850w, https:\/\/moikk.hu\/wp-content\/uploads\/2023\/01\/Kne-Hazak-telen-nyaron-min.jpg 1387w\" sizes=\"auto, (max-width: 1024px) 100vw, 1024px\" \/><figcaption class=\"wp-element-caption\"><strong>H\u00e1zak t\u00e9len-ny\u00e1ron<\/strong><\/figcaption><\/figure>\n\n\n\n<figure class=\"wp-block-image size-large is-style-default\"><img loading=\"lazy\" decoding=\"async\" width=\"1024\" height=\"768\" src=\"https:\/\/moikk.hu\/wp-content\/uploads\/2023\/01\/Kne-Fekete-kutya-min-1024x768.jpg\" alt=\"\" class=\"wp-image-2413\" srcset=\"https:\/\/moikk.hu\/wp-content\/uploads\/2023\/01\/Kne-Fekete-kutya-min-1024x768.jpg 1024w, https:\/\/moikk.hu\/wp-content\/uploads\/2023\/01\/Kne-Fekete-kutya-min-300x225.jpg 300w, https:\/\/moikk.hu\/wp-content\/uploads\/2023\/01\/Kne-Fekete-kutya-min-768x576.jpg 768w, https:\/\/moikk.hu\/wp-content\/uploads\/2023\/01\/Kne-Fekete-kutya-min-850x637.jpg 850w, https:\/\/moikk.hu\/wp-content\/uploads\/2023\/01\/Kne-Fekete-kutya-min.jpg 1387w\" sizes=\"auto, (max-width: 1024px) 100vw, 1024px\" \/><figcaption class=\"wp-element-caption\"><strong>Fekete kutya &#8211; feh\u00e9r nyakkend\u0151vel<\/strong><\/figcaption><\/figure>\n\n\n\n<figure class=\"wp-block-image size-large is-style-default\"><img loading=\"lazy\" decoding=\"async\" width=\"768\" height=\"1024\" src=\"https:\/\/moikk.hu\/wp-content\/uploads\/2023\/01\/Kne-Madonna-min-768x1024.jpg\" alt=\"\" class=\"wp-image-2414\" srcset=\"https:\/\/moikk.hu\/wp-content\/uploads\/2023\/01\/Kne-Madonna-min-768x1024.jpg 768w, https:\/\/moikk.hu\/wp-content\/uploads\/2023\/01\/Kne-Madonna-min-225x300.jpg 225w, https:\/\/moikk.hu\/wp-content\/uploads\/2023\/01\/Kne-Madonna-min-1152x1536.jpg 1152w, https:\/\/moikk.hu\/wp-content\/uploads\/2023\/01\/Kne-Madonna-min-300x400.jpg 300w, https:\/\/moikk.hu\/wp-content\/uploads\/2023\/01\/Kne-Madonna-min-850x1134.jpg 850w, https:\/\/moikk.hu\/wp-content\/uploads\/2023\/01\/Kne-Madonna-min.jpg 1385w\" sizes=\"auto, (max-width: 768px) 100vw, 768px\" \/><figcaption class=\"wp-element-caption\"><strong>Madonna<\/strong><\/figcaption><\/figure>\n\n\n\n<figure class=\"wp-block-image size-large is-style-default\"><img loading=\"lazy\" decoding=\"async\" width=\"768\" height=\"1024\" src=\"https:\/\/moikk.hu\/wp-content\/uploads\/2023\/01\/Kne-Ferfifej-min-768x1024.jpg\" alt=\"\" class=\"wp-image-2415\" srcset=\"https:\/\/moikk.hu\/wp-content\/uploads\/2023\/01\/Kne-Ferfifej-min-768x1024.jpg 768w, https:\/\/moikk.hu\/wp-content\/uploads\/2023\/01\/Kne-Ferfifej-min-225x300.jpg 225w, https:\/\/moikk.hu\/wp-content\/uploads\/2023\/01\/Kne-Ferfifej-min-1152x1536.jpg 1152w, https:\/\/moikk.hu\/wp-content\/uploads\/2023\/01\/Kne-Ferfifej-min-300x400.jpg 300w, https:\/\/moikk.hu\/wp-content\/uploads\/2023\/01\/Kne-Ferfifej-min-850x1134.jpg 850w, https:\/\/moikk.hu\/wp-content\/uploads\/2023\/01\/Kne-Ferfifej-min.jpg 1385w\" sizes=\"auto, (max-width: 768px) 100vw, 768px\" \/><figcaption class=\"wp-element-caption\"><strong>F\u00e9rfifej<\/strong><\/figcaption><\/figure>\n\n\n\n<p style=\"font-size:26px\"><strong>Felt\u00f6ltve 2022-ben:<\/strong><\/p>\n\n\n\n<figure class=\"wp-block-image size-large is-style-default\"><img loading=\"lazy\" decoding=\"async\" width=\"1024\" height=\"768\" src=\"https:\/\/moikk.hu\/wp-content\/uploads\/2022\/01\/Apro-textil-fali-diszek-1024x768.jpg\" alt=\"\" class=\"wp-image-1373\" srcset=\"https:\/\/moikk.hu\/wp-content\/uploads\/2022\/01\/Apro-textil-fali-diszek-1024x768.jpg 1024w, https:\/\/moikk.hu\/wp-content\/uploads\/2022\/01\/Apro-textil-fali-diszek-300x225.jpg 300w, https:\/\/moikk.hu\/wp-content\/uploads\/2022\/01\/Apro-textil-fali-diszek-768x576.jpg 768w, https:\/\/moikk.hu\/wp-content\/uploads\/2022\/01\/Apro-textil-fali-diszek-850x638.jpg 850w, https:\/\/moikk.hu\/wp-content\/uploads\/2022\/01\/Apro-textil-fali-diszek.jpg 1365w\" sizes=\"auto, (max-width: 1024px) 100vw, 1024px\" \/><figcaption class=\"wp-element-caption\">Apr\u00f3 textil fali d\u00edszek<\/figcaption><\/figure>\n\n\n\n<figure class=\"wp-block-image size-large is-style-default\"><img loading=\"lazy\" decoding=\"async\" width=\"1024\" height=\"768\" src=\"https:\/\/moikk.hu\/wp-content\/uploads\/2022\/01\/Kavics-festmenyek-I.-1024x768.jpg\" alt=\"\" class=\"wp-image-1374\" srcset=\"https:\/\/moikk.hu\/wp-content\/uploads\/2022\/01\/Kavics-festmenyek-I.-1024x768.jpg 1024w, https:\/\/moikk.hu\/wp-content\/uploads\/2022\/01\/Kavics-festmenyek-I.-300x225.jpg 300w, https:\/\/moikk.hu\/wp-content\/uploads\/2022\/01\/Kavics-festmenyek-I.-768x576.jpg 768w, https:\/\/moikk.hu\/wp-content\/uploads\/2022\/01\/Kavics-festmenyek-I.-850x638.jpg 850w, https:\/\/moikk.hu\/wp-content\/uploads\/2022\/01\/Kavics-festmenyek-I..jpg 1365w\" sizes=\"auto, (max-width: 1024px) 100vw, 1024px\" \/><figcaption class=\"wp-element-caption\">Kavics festm\u00e9nyek I.<\/figcaption><\/figure>\n\n\n\n<figure class=\"wp-block-image size-large is-style-default\"><img loading=\"lazy\" decoding=\"async\" width=\"1024\" height=\"768\" src=\"https:\/\/moikk.hu\/wp-content\/uploads\/2022\/01\/Kavics-festmenyek-II.-1024x768.jpg\" alt=\"\" class=\"wp-image-1375\" srcset=\"https:\/\/moikk.hu\/wp-content\/uploads\/2022\/01\/Kavics-festmenyek-II.-1024x768.jpg 1024w, https:\/\/moikk.hu\/wp-content\/uploads\/2022\/01\/Kavics-festmenyek-II.-300x225.jpg 300w, https:\/\/moikk.hu\/wp-content\/uploads\/2022\/01\/Kavics-festmenyek-II.-768x576.jpg 768w, https:\/\/moikk.hu\/wp-content\/uploads\/2022\/01\/Kavics-festmenyek-II.-850x638.jpg 850w, https:\/\/moikk.hu\/wp-content\/uploads\/2022\/01\/Kavics-festmenyek-II..jpg 1365w\" sizes=\"auto, (max-width: 1024px) 100vw, 1024px\" \/><figcaption class=\"wp-element-caption\">Kavics festm\u00e9nyek II.<\/figcaption><\/figure>\n\n\n\n<figure class=\"wp-block-image size-large is-style-default\"><img loading=\"lazy\" decoding=\"async\" width=\"1024\" height=\"768\" src=\"https:\/\/moikk.hu\/wp-content\/uploads\/2022\/01\/Kavics-festmenyek-III.-1024x768.jpg\" alt=\"\" class=\"wp-image-1378\" srcset=\"https:\/\/moikk.hu\/wp-content\/uploads\/2022\/01\/Kavics-festmenyek-III.-1024x768.jpg 1024w, https:\/\/moikk.hu\/wp-content\/uploads\/2022\/01\/Kavics-festmenyek-III.-300x225.jpg 300w, https:\/\/moikk.hu\/wp-content\/uploads\/2022\/01\/Kavics-festmenyek-III.-768x576.jpg 768w, https:\/\/moikk.hu\/wp-content\/uploads\/2022\/01\/Kavics-festmenyek-III.-850x638.jpg 850w, https:\/\/moikk.hu\/wp-content\/uploads\/2022\/01\/Kavics-festmenyek-III..jpg 1365w\" sizes=\"auto, (max-width: 1024px) 100vw, 1024px\" \/><figcaption class=\"wp-element-caption\">Kavics festm\u00e9nyek III.<\/figcaption><\/figure>\n\n\n\n<figure class=\"wp-block-image size-full is-style-default\"><img loading=\"lazy\" decoding=\"async\" width=\"529\" height=\"1338\" src=\"https:\/\/moikk.hu\/wp-content\/uploads\/2022\/01\/Kepek.jpg\" alt=\"\" class=\"wp-image-1379\" srcset=\"https:\/\/moikk.hu\/wp-content\/uploads\/2022\/01\/Kepek.jpg 529w, https:\/\/moikk.hu\/wp-content\/uploads\/2022\/01\/Kepek-119x300.jpg 119w, https:\/\/moikk.hu\/wp-content\/uploads\/2022\/01\/Kepek-405x1024.jpg 405w, https:\/\/moikk.hu\/wp-content\/uploads\/2022\/01\/Kepek-300x759.jpg 300w\" sizes=\"auto, (max-width: 529px) 100vw, 529px\" \/><figcaption class=\"wp-element-caption\">K\u00e9pek<\/figcaption><\/figure>\n","protected":false},"excerpt":{"rendered":"<p>. . Felt\u00f6ltve 2024 janu\u00e1rj\u00e1ban: Felt\u00f6ltve 2023 janu\u00e1rj\u00e1ban: Felt\u00f6ltve 2022-ben:<\/p>\n","protected":false},"author":1,"featured_media":0,"parent":0,"menu_order":0,"comment_status":"closed","ping_status":"closed","template":"","meta":{"footnotes":""},"class_list":["post-1377","page","type-page","status-publish","hentry"],"_links":{"self":[{"href":"https:\/\/moikk.hu\/index.php\/wp-json\/wp\/v2\/pages\/1377","targetHints":{"allow":["GET"]}}],"collection":[{"href":"https:\/\/moikk.hu\/index.php\/wp-json\/wp\/v2\/pages"}],"about":[{"href":"https:\/\/moikk.hu\/index.php\/wp-json\/wp\/v2\/types\/page"}],"author":[{"embeddable":true,"href":"https:\/\/moikk.hu\/index.php\/wp-json\/wp\/v2\/users\/1"}],"replies":[{"embeddable":true,"href":"https:\/\/moikk.hu\/index.php\/wp-json\/wp\/v2\/comments?post=1377"}],"version-history":[{"count":5,"href":"https:\/\/moikk.hu\/index.php\/wp-json\/wp\/v2\/pages\/1377\/revisions"}],"predecessor-version":[{"id":3307,"href":"https:\/\/moikk.hu\/index.php\/wp-json\/wp\/v2\/pages\/1377\/revisions\/3307"}],"wp:attachment":[{"href":"https:\/\/moikk.hu\/index.php\/wp-json\/wp\/v2\/media?parent=1377"}],"curies":[{"name":"wp","href":"https:\/\/api.w.org\/{rel}","templated":true}]}}