{"id":1365,"date":"2022-01-27T09:49:45","date_gmt":"2022-01-27T09:49:45","guid":{"rendered":"https:\/\/moikk.hu\/?page_id=1365"},"modified":"2024-12-07T12:10:33","modified_gmt":"2024-12-07T12:10:33","slug":"dr-kovats-zoltan-geza","status":"publish","type":"page","link":"https:\/\/moikk.hu\/index.php\/dr-kovats-zoltan-geza\/","title":{"rendered":"Dr. Kov\u00e1ts Zolt\u00e1n G\u00e9za"},"content":{"rendered":"\n<p style=\"font-size:1px\">.<\/p>\n\n\n\n<ul class=\"wp-block-list\">\n<li style=\"font-size:22px\"><a href=\"https:\/\/moikk.hu\/wp-content\/uploads\/2024\/12\/KovatsZ-24dec.pdf\">Felt\u00f6ltve 2024 december\u00e9ben<\/a><\/li>\n<\/ul>\n\n\n\n<p style=\"font-size:1px\">.<\/p>\n\n\n\n<p style=\"font-size:26px\"><strong>Felt\u00f6ltve 2024-ben<\/strong><\/p>\n\n\n\n<figure class=\"wp-block-image size-large is-style-default\"><img loading=\"lazy\" decoding=\"async\" width=\"768\" height=\"1024\" src=\"https:\/\/moikk.hu\/wp-content\/uploads\/2024\/01\/KovatsZ-Kukucs-768x1024.jpg\" alt=\"\" class=\"wp-image-2715\" srcset=\"https:\/\/moikk.hu\/wp-content\/uploads\/2024\/01\/KovatsZ-Kukucs-768x1024.jpg 768w, https:\/\/moikk.hu\/wp-content\/uploads\/2024\/01\/KovatsZ-Kukucs-225x300.jpg 225w, https:\/\/moikk.hu\/wp-content\/uploads\/2024\/01\/KovatsZ-Kukucs-1152x1536.jpg 1152w, https:\/\/moikk.hu\/wp-content\/uploads\/2024\/01\/KovatsZ-Kukucs-1536x2048.jpg 1536w, https:\/\/moikk.hu\/wp-content\/uploads\/2024\/01\/KovatsZ-Kukucs-300x400.jpg 300w, https:\/\/moikk.hu\/wp-content\/uploads\/2024\/01\/KovatsZ-Kukucs-850x1133.jpg 850w, https:\/\/moikk.hu\/wp-content\/uploads\/2024\/01\/KovatsZ-Kukucs-scaled.jpg 1920w\" sizes=\"auto, (max-width: 768px) 100vw, 768px\" \/><figcaption class=\"wp-element-caption\">Kukucs<\/figcaption><\/figure>\n\n\n\n<figure class=\"wp-block-image size-large is-style-default\"><img loading=\"lazy\" decoding=\"async\" width=\"1024\" height=\"768\" src=\"https:\/\/moikk.hu\/wp-content\/uploads\/2024\/01\/KovatsZ-Megozvegyulve-1024x768.jpg\" alt=\"\" class=\"wp-image-2716\" srcset=\"https:\/\/moikk.hu\/wp-content\/uploads\/2024\/01\/KovatsZ-Megozvegyulve-1024x768.jpg 1024w, https:\/\/moikk.hu\/wp-content\/uploads\/2024\/01\/KovatsZ-Megozvegyulve-300x225.jpg 300w, https:\/\/moikk.hu\/wp-content\/uploads\/2024\/01\/KovatsZ-Megozvegyulve-768x576.jpg 768w, https:\/\/moikk.hu\/wp-content\/uploads\/2024\/01\/KovatsZ-Megozvegyulve-1536x1152.jpg 1536w, https:\/\/moikk.hu\/wp-content\/uploads\/2024\/01\/KovatsZ-Megozvegyulve-2048x1536.jpg 2048w, https:\/\/moikk.hu\/wp-content\/uploads\/2024\/01\/KovatsZ-Megozvegyulve-850x638.jpg 850w\" sizes=\"auto, (max-width: 1024px) 100vw, 1024px\" \/><figcaption class=\"wp-element-caption\">Meg\u00f6zvegy\u00fclve<\/figcaption><\/figure>\n\n\n\n<figure class=\"wp-block-image size-large is-style-default\"><img loading=\"lazy\" decoding=\"async\" width=\"1024\" height=\"768\" src=\"https:\/\/moikk.hu\/wp-content\/uploads\/2024\/01\/KovatsZ-Mezei-Pharos-1-1024x768.jpg\" alt=\"\" class=\"wp-image-2717\" srcset=\"https:\/\/moikk.hu\/wp-content\/uploads\/2024\/01\/KovatsZ-Mezei-Pharos-1-1024x768.jpg 1024w, https:\/\/moikk.hu\/wp-content\/uploads\/2024\/01\/KovatsZ-Mezei-Pharos-1-300x225.jpg 300w, https:\/\/moikk.hu\/wp-content\/uploads\/2024\/01\/KovatsZ-Mezei-Pharos-1-768x576.jpg 768w, https:\/\/moikk.hu\/wp-content\/uploads\/2024\/01\/KovatsZ-Mezei-Pharos-1-1536x1152.jpg 1536w, https:\/\/moikk.hu\/wp-content\/uploads\/2024\/01\/KovatsZ-Mezei-Pharos-1-2048x1536.jpg 2048w, https:\/\/moikk.hu\/wp-content\/uploads\/2024\/01\/KovatsZ-Mezei-Pharos-1-850x638.jpg 850w\" sizes=\"auto, (max-width: 1024px) 100vw, 1024px\" \/><figcaption class=\"wp-element-caption\">Mezei Pharos<\/figcaption><\/figure>\n\n\n\n<figure class=\"wp-block-image size-large is-style-default\"><img loading=\"lazy\" decoding=\"async\" width=\"1024\" height=\"768\" src=\"https:\/\/moikk.hu\/wp-content\/uploads\/2024\/01\/KovatsZ-Mosoni-varkapu-1-1024x768.jpg\" alt=\"\" class=\"wp-image-2718\" srcset=\"https:\/\/moikk.hu\/wp-content\/uploads\/2024\/01\/KovatsZ-Mosoni-varkapu-1-1024x768.jpg 1024w, https:\/\/moikk.hu\/wp-content\/uploads\/2024\/01\/KovatsZ-Mosoni-varkapu-1-300x225.jpg 300w, https:\/\/moikk.hu\/wp-content\/uploads\/2024\/01\/KovatsZ-Mosoni-varkapu-1-768x576.jpg 768w, https:\/\/moikk.hu\/wp-content\/uploads\/2024\/01\/KovatsZ-Mosoni-varkapu-1-1536x1152.jpg 1536w, https:\/\/moikk.hu\/wp-content\/uploads\/2024\/01\/KovatsZ-Mosoni-varkapu-1-2048x1536.jpg 2048w, https:\/\/moikk.hu\/wp-content\/uploads\/2024\/01\/KovatsZ-Mosoni-varkapu-1-850x638.jpg 850w\" sizes=\"auto, (max-width: 1024px) 100vw, 1024px\" \/><figcaption class=\"wp-element-caption\">Mosoni v\u00e1rkapu<\/figcaption><\/figure>\n\n\n\n<p style=\"font-size:26px\"><strong>Felt\u00f6ltve 2023-ban<\/strong><\/p>\n\n\n\n<figure class=\"wp-block-image size-large is-style-default\"><img loading=\"lazy\" decoding=\"async\" width=\"1024\" height=\"768\" src=\"https:\/\/moikk.hu\/wp-content\/uploads\/2023\/01\/KZG-Balatoni-alkony-min-1024x768.jpg\" alt=\"\" class=\"wp-image-2397\" srcset=\"https:\/\/moikk.hu\/wp-content\/uploads\/2023\/01\/KZG-Balatoni-alkony-min-1024x768.jpg 1024w, https:\/\/moikk.hu\/wp-content\/uploads\/2023\/01\/KZG-Balatoni-alkony-min-300x225.jpg 300w, https:\/\/moikk.hu\/wp-content\/uploads\/2023\/01\/KZG-Balatoni-alkony-min-768x576.jpg 768w, https:\/\/moikk.hu\/wp-content\/uploads\/2023\/01\/KZG-Balatoni-alkony-min-850x637.jpg 850w, https:\/\/moikk.hu\/wp-content\/uploads\/2023\/01\/KZG-Balatoni-alkony-min.jpg 1387w\" sizes=\"auto, (max-width: 1024px) 100vw, 1024px\" \/><figcaption class=\"wp-element-caption\"><strong>Balatoni alkony<\/strong><\/figcaption><\/figure>\n\n\n\n<figure class=\"wp-block-image size-large is-style-default\"><img loading=\"lazy\" decoding=\"async\" width=\"1024\" height=\"768\" src=\"https:\/\/moikk.hu\/wp-content\/uploads\/2023\/01\/KZG-Eloskodok-min-1024x768.jpg\" alt=\"\" class=\"wp-image-2398\" srcset=\"https:\/\/moikk.hu\/wp-content\/uploads\/2023\/01\/KZG-Eloskodok-min-1024x768.jpg 1024w, https:\/\/moikk.hu\/wp-content\/uploads\/2023\/01\/KZG-Eloskodok-min-300x225.jpg 300w, https:\/\/moikk.hu\/wp-content\/uploads\/2023\/01\/KZG-Eloskodok-min-768x576.jpg 768w, https:\/\/moikk.hu\/wp-content\/uploads\/2023\/01\/KZG-Eloskodok-min-850x637.jpg 850w, https:\/\/moikk.hu\/wp-content\/uploads\/2023\/01\/KZG-Eloskodok-min.jpg 1387w\" sizes=\"auto, (max-width: 1024px) 100vw, 1024px\" \/><figcaption class=\"wp-element-caption\"><strong>\u00c9l\u0151sk\u00f6d\u0151k<\/strong><\/figcaption><\/figure>\n\n\n\n<figure class=\"wp-block-image size-large is-style-default\"><img loading=\"lazy\" decoding=\"async\" width=\"1024\" height=\"768\" src=\"https:\/\/moikk.hu\/wp-content\/uploads\/2023\/01\/KZG-Mosoni-turul-min-1024x768.jpg\" alt=\"\" class=\"wp-image-2399\" srcset=\"https:\/\/moikk.hu\/wp-content\/uploads\/2023\/01\/KZG-Mosoni-turul-min-1024x768.jpg 1024w, https:\/\/moikk.hu\/wp-content\/uploads\/2023\/01\/KZG-Mosoni-turul-min-300x225.jpg 300w, https:\/\/moikk.hu\/wp-content\/uploads\/2023\/01\/KZG-Mosoni-turul-min-768x576.jpg 768w, https:\/\/moikk.hu\/wp-content\/uploads\/2023\/01\/KZG-Mosoni-turul-min-850x637.jpg 850w, https:\/\/moikk.hu\/wp-content\/uploads\/2023\/01\/KZG-Mosoni-turul-min.jpg 1387w\" sizes=\"auto, (max-width: 1024px) 100vw, 1024px\" \/><figcaption class=\"wp-element-caption\"><strong>Mosoni turul<\/strong><\/figcaption><\/figure>\n\n\n\n<figure class=\"wp-block-image size-large is-style-default\"><img loading=\"lazy\" decoding=\"async\" width=\"768\" height=\"1024\" src=\"https:\/\/moikk.hu\/wp-content\/uploads\/2023\/01\/KZG-Maganyos-fuz-768x1024.png\" alt=\"\" class=\"wp-image-2400\" srcset=\"https:\/\/moikk.hu\/wp-content\/uploads\/2023\/01\/KZG-Maganyos-fuz-768x1024.png 768w, https:\/\/moikk.hu\/wp-content\/uploads\/2023\/01\/KZG-Maganyos-fuz-225x300.png 225w, https:\/\/moikk.hu\/wp-content\/uploads\/2023\/01\/KZG-Maganyos-fuz-1152x1536.png 1152w, https:\/\/moikk.hu\/wp-content\/uploads\/2023\/01\/KZG-Maganyos-fuz-300x400.png 300w, https:\/\/moikk.hu\/wp-content\/uploads\/2023\/01\/KZG-Maganyos-fuz-850x1134.png 850w, https:\/\/moikk.hu\/wp-content\/uploads\/2023\/01\/KZG-Maganyos-fuz.png 1385w\" sizes=\"auto, (max-width: 768px) 100vw, 768px\" \/><figcaption class=\"wp-element-caption\"><strong>Mag\u00e1nyos f\u0171z<\/strong><\/figcaption><\/figure>\n\n\n\n<figure class=\"wp-block-image size-large is-style-default\"><img loading=\"lazy\" decoding=\"async\" width=\"1024\" height=\"768\" src=\"https:\/\/moikk.hu\/wp-content\/uploads\/2023\/01\/KZG-Moson-vara-min-1024x768.jpg\" alt=\"\" class=\"wp-image-2401\" srcset=\"https:\/\/moikk.hu\/wp-content\/uploads\/2023\/01\/KZG-Moson-vara-min-1024x768.jpg 1024w, https:\/\/moikk.hu\/wp-content\/uploads\/2023\/01\/KZG-Moson-vara-min-300x225.jpg 300w, https:\/\/moikk.hu\/wp-content\/uploads\/2023\/01\/KZG-Moson-vara-min-768x576.jpg 768w, https:\/\/moikk.hu\/wp-content\/uploads\/2023\/01\/KZG-Moson-vara-min-850x637.jpg 850w, https:\/\/moikk.hu\/wp-content\/uploads\/2023\/01\/KZG-Moson-vara-min.jpg 1387w\" sizes=\"auto, (max-width: 1024px) 100vw, 1024px\" \/><figcaption class=\"wp-element-caption\"><strong>Moson v\u00e1ra<\/strong><\/figcaption><\/figure>\n\n\n\n<figure class=\"wp-block-image size-large is-style-default\"><img loading=\"lazy\" decoding=\"async\" width=\"1024\" height=\"768\" src=\"https:\/\/moikk.hu\/wp-content\/uploads\/2023\/01\/KZG-Dunaparti-idill-min-1024x768.jpg\" alt=\"\" class=\"wp-image-2402\" srcset=\"https:\/\/moikk.hu\/wp-content\/uploads\/2023\/01\/KZG-Dunaparti-idill-min-1024x768.jpg 1024w, https:\/\/moikk.hu\/wp-content\/uploads\/2023\/01\/KZG-Dunaparti-idill-min-300x225.jpg 300w, https:\/\/moikk.hu\/wp-content\/uploads\/2023\/01\/KZG-Dunaparti-idill-min-768x576.jpg 768w, https:\/\/moikk.hu\/wp-content\/uploads\/2023\/01\/KZG-Dunaparti-idill-min-850x637.jpg 850w, https:\/\/moikk.hu\/wp-content\/uploads\/2023\/01\/KZG-Dunaparti-idill-min.jpg 1387w\" sizes=\"auto, (max-width: 1024px) 100vw, 1024px\" \/><figcaption class=\"wp-element-caption\"><strong>Dunaparti idill<\/strong><\/figcaption><\/figure>\n\n\n\n<figure class=\"wp-block-image size-large is-style-default\"><img loading=\"lazy\" decoding=\"async\" width=\"768\" height=\"1024\" src=\"https:\/\/moikk.hu\/wp-content\/uploads\/2023\/01\/KZG-Fekete-Istvan-Ovari-alumnus-768x1024.png\" alt=\"\" class=\"wp-image-2403\" srcset=\"https:\/\/moikk.hu\/wp-content\/uploads\/2023\/01\/KZG-Fekete-Istvan-Ovari-alumnus-768x1024.png 768w, https:\/\/moikk.hu\/wp-content\/uploads\/2023\/01\/KZG-Fekete-Istvan-Ovari-alumnus-225x300.png 225w, https:\/\/moikk.hu\/wp-content\/uploads\/2023\/01\/KZG-Fekete-Istvan-Ovari-alumnus-1152x1536.png 1152w, https:\/\/moikk.hu\/wp-content\/uploads\/2023\/01\/KZG-Fekete-Istvan-Ovari-alumnus-300x400.png 300w, https:\/\/moikk.hu\/wp-content\/uploads\/2023\/01\/KZG-Fekete-Istvan-Ovari-alumnus-850x1134.png 850w, https:\/\/moikk.hu\/wp-content\/uploads\/2023\/01\/KZG-Fekete-Istvan-Ovari-alumnus.png 1385w\" sizes=\"auto, (max-width: 768px) 100vw, 768px\" \/><figcaption class=\"wp-element-caption\"><strong>Fekete Istv\u00e1n &#8211; \u00d3v\u00e1ri Alumnus<\/strong><\/figcaption><\/figure>\n\n\n\n<p style=\"font-size:26px\"><strong>Felt\u00f6ltve 2022-ben<\/strong><\/p>\n\n\n\n<figure class=\"wp-block-image size-large is-style-default\"><img loading=\"lazy\" decoding=\"async\" width=\"1024\" height=\"768\" src=\"https:\/\/moikk.hu\/wp-content\/uploads\/2022\/01\/Mosoni-Duna-min-1024x768.jpg\" alt=\"\" class=\"wp-image-1361\" srcset=\"https:\/\/moikk.hu\/wp-content\/uploads\/2022\/01\/Mosoni-Duna-min-1024x768.jpg 1024w, https:\/\/moikk.hu\/wp-content\/uploads\/2022\/01\/Mosoni-Duna-min-300x225.jpg 300w, https:\/\/moikk.hu\/wp-content\/uploads\/2022\/01\/Mosoni-Duna-min-768x576.jpg 768w, https:\/\/moikk.hu\/wp-content\/uploads\/2022\/01\/Mosoni-Duna-min-1536x1152.jpg 1536w, https:\/\/moikk.hu\/wp-content\/uploads\/2022\/01\/Mosoni-Duna-min-2048x1536.jpg 2048w, https:\/\/moikk.hu\/wp-content\/uploads\/2022\/01\/Mosoni-Duna-min-850x638.jpg 850w\" sizes=\"auto, (max-width: 1024px) 100vw, 1024px\" \/><figcaption class=\"wp-element-caption\">Mosoni Duna<\/figcaption><\/figure>\n\n\n\n<figure class=\"wp-block-image size-large is-style-default\"><img loading=\"lazy\" decoding=\"async\" width=\"1024\" height=\"768\" src=\"https:\/\/moikk.hu\/wp-content\/uploads\/2022\/01\/Mosoni-latkep-min-1024x768.jpg\" alt=\"\" class=\"wp-image-1362\" srcset=\"https:\/\/moikk.hu\/wp-content\/uploads\/2022\/01\/Mosoni-latkep-min-1024x768.jpg 1024w, https:\/\/moikk.hu\/wp-content\/uploads\/2022\/01\/Mosoni-latkep-min-300x225.jpg 300w, https:\/\/moikk.hu\/wp-content\/uploads\/2022\/01\/Mosoni-latkep-min-768x576.jpg 768w, https:\/\/moikk.hu\/wp-content\/uploads\/2022\/01\/Mosoni-latkep-min-1536x1152.jpg 1536w, https:\/\/moikk.hu\/wp-content\/uploads\/2022\/01\/Mosoni-latkep-min-2048x1536.jpg 2048w, https:\/\/moikk.hu\/wp-content\/uploads\/2022\/01\/Mosoni-latkep-min-850x638.jpg 850w\" sizes=\"auto, (max-width: 1024px) 100vw, 1024px\" \/><figcaption class=\"wp-element-caption\">Mosoni l\u00e1tk\u00e9p<\/figcaption><\/figure>\n\n\n\n<figure class=\"wp-block-image size-large is-style-default\"><img loading=\"lazy\" decoding=\"async\" width=\"1024\" height=\"768\" src=\"https:\/\/moikk.hu\/wp-content\/uploads\/2022\/01\/Viragzo-faag-min-1024x768.jpg\" alt=\"\" class=\"wp-image-1363\" srcset=\"https:\/\/moikk.hu\/wp-content\/uploads\/2022\/01\/Viragzo-faag-min-1024x768.jpg 1024w, https:\/\/moikk.hu\/wp-content\/uploads\/2022\/01\/Viragzo-faag-min-300x225.jpg 300w, https:\/\/moikk.hu\/wp-content\/uploads\/2022\/01\/Viragzo-faag-min-768x576.jpg 768w, https:\/\/moikk.hu\/wp-content\/uploads\/2022\/01\/Viragzo-faag-min-1536x1152.jpg 1536w, https:\/\/moikk.hu\/wp-content\/uploads\/2022\/01\/Viragzo-faag-min-2048x1536.jpg 2048w, https:\/\/moikk.hu\/wp-content\/uploads\/2022\/01\/Viragzo-faag-min-850x638.jpg 850w\" sizes=\"auto, (max-width: 1024px) 100vw, 1024px\" \/><figcaption class=\"wp-element-caption\">Vir\u00e1gz\u00f3 fa\u00e1g<\/figcaption><\/figure>\n","protected":false},"excerpt":{"rendered":"<p>. . Felt\u00f6ltve 2024-ben Felt\u00f6ltve 2023-ban Felt\u00f6ltve 2022-ben<\/p>\n","protected":false},"author":1,"featured_media":0,"parent":0,"menu_order":0,"comment_status":"closed","ping_status":"closed","template":"","meta":{"footnotes":""},"class_list":["post-1365","page","type-page","status-publish","hentry"],"_links":{"self":[{"href":"https:\/\/moikk.hu\/index.php\/wp-json\/wp\/v2\/pages\/1365","targetHints":{"allow":["GET"]}}],"collection":[{"href":"https:\/\/moikk.hu\/index.php\/wp-json\/wp\/v2\/pages"}],"about":[{"href":"https:\/\/moikk.hu\/index.php\/wp-json\/wp\/v2\/types\/page"}],"author":[{"embeddable":true,"href":"https:\/\/moikk.hu\/index.php\/wp-json\/wp\/v2\/users\/1"}],"replies":[{"embeddable":true,"href":"https:\/\/moikk.hu\/index.php\/wp-json\/wp\/v2\/comments?post=1365"}],"version-history":[{"count":5,"href":"https:\/\/moikk.hu\/index.php\/wp-json\/wp\/v2\/pages\/1365\/revisions"}],"predecessor-version":[{"id":3308,"href":"https:\/\/moikk.hu\/index.php\/wp-json\/wp\/v2\/pages\/1365\/revisions\/3308"}],"wp:attachment":[{"href":"https:\/\/moikk.hu\/index.php\/wp-json\/wp\/v2\/media?parent=1365"}],"curies":[{"name":"wp","href":"https:\/\/api.w.org\/{rel}","templated":true}]}}