{"id":1333,"date":"2022-01-25T20:44:54","date_gmt":"2022-01-25T20:44:54","guid":{"rendered":"https:\/\/moikk.hu\/?page_id=1333"},"modified":"2024-12-07T12:02:07","modified_gmt":"2024-12-07T12:02:07","slug":"dr-fabinyi-orsolya","status":"publish","type":"page","link":"https:\/\/moikk.hu\/index.php\/dr-fabinyi-orsolya\/","title":{"rendered":"Dr. Fabinyi Orsolya"},"content":{"rendered":"\n<p><\/p>\n\n\n\n<ul class=\"wp-block-list\">\n<li style=\"font-size:22px\"><a href=\"https:\/\/moikk.hu\/wp-content\/uploads\/2024\/12\/FabinyiO-24dec.pdf\">Felt\u00f6ltve 2024 december\u00e9ben<\/a><\/li>\n<\/ul>\n\n\n\n<p class=\"has-text-align-center\" style=\"font-size:1px\">.<\/p>\n\n\n\n<p style=\"font-size:28px\"><strong>Felt\u00f6ltve 2024-ben:<\/strong><\/p>\n\n\n\n<figure class=\"wp-block-image size-large is-style-default\"><img loading=\"lazy\" decoding=\"async\" width=\"774\" height=\"1024\" src=\"https:\/\/moikk.hu\/wp-content\/uploads\/2024\/02\/A-Hobbit-774x1024.jpg\" alt=\"\" class=\"wp-image-2921\" srcset=\"https:\/\/moikk.hu\/wp-content\/uploads\/2024\/02\/A-Hobbit-774x1024.jpg 774w, https:\/\/moikk.hu\/wp-content\/uploads\/2024\/02\/A-Hobbit-227x300.jpg 227w, https:\/\/moikk.hu\/wp-content\/uploads\/2024\/02\/A-Hobbit-768x1016.jpg 768w, https:\/\/moikk.hu\/wp-content\/uploads\/2024\/02\/A-Hobbit-1161x1536.jpg 1161w, https:\/\/moikk.hu\/wp-content\/uploads\/2024\/02\/A-Hobbit-1548x2048.jpg 1548w, https:\/\/moikk.hu\/wp-content\/uploads\/2024\/02\/A-Hobbit-300x397.jpg 300w, https:\/\/moikk.hu\/wp-content\/uploads\/2024\/02\/A-Hobbit-850x1125.jpg 850w, https:\/\/moikk.hu\/wp-content\/uploads\/2024\/02\/A-Hobbit-scaled.jpg 1935w\" sizes=\"auto, (max-width: 774px) 100vw, 774px\" \/><figcaption class=\"wp-element-caption\"><strong><code>A Hobbit<\/code><\/strong><\/figcaption><\/figure>\n\n\n\n<figure class=\"wp-block-image size-large is-style-default\"><img loading=\"lazy\" decoding=\"async\" width=\"719\" height=\"1024\" src=\"https:\/\/moikk.hu\/wp-content\/uploads\/2024\/02\/Aries-719x1024.jpg\" alt=\"\" class=\"wp-image-2922\" srcset=\"https:\/\/moikk.hu\/wp-content\/uploads\/2024\/02\/Aries-719x1024.jpg 719w, https:\/\/moikk.hu\/wp-content\/uploads\/2024\/02\/Aries-211x300.jpg 211w, https:\/\/moikk.hu\/wp-content\/uploads\/2024\/02\/Aries-768x1094.jpg 768w, https:\/\/moikk.hu\/wp-content\/uploads\/2024\/02\/Aries-1078x1536.jpg 1078w, https:\/\/moikk.hu\/wp-content\/uploads\/2024\/02\/Aries-1437x2048.jpg 1437w, https:\/\/moikk.hu\/wp-content\/uploads\/2024\/02\/Aries-300x428.jpg 300w, https:\/\/moikk.hu\/wp-content\/uploads\/2024\/02\/Aries-850x1211.jpg 850w, https:\/\/moikk.hu\/wp-content\/uploads\/2024\/02\/Aries-scaled.jpg 1796w\" sizes=\"auto, (max-width: 719px) 100vw, 719px\" \/><\/figure>\n\n\n\n<figure class=\"wp-block-image size-large is-style-default\"><img loading=\"lazy\" decoding=\"async\" width=\"889\" height=\"1024\" src=\"https:\/\/moikk.hu\/wp-content\/uploads\/2024\/02\/Eszter-889x1024.jpg\" alt=\"\" class=\"wp-image-2923\" srcset=\"https:\/\/moikk.hu\/wp-content\/uploads\/2024\/02\/Eszter-889x1024.jpg 889w, https:\/\/moikk.hu\/wp-content\/uploads\/2024\/02\/Eszter-260x300.jpg 260w, https:\/\/moikk.hu\/wp-content\/uploads\/2024\/02\/Eszter-768x885.jpg 768w, https:\/\/moikk.hu\/wp-content\/uploads\/2024\/02\/Eszter-1333x1536.jpg 1333w, https:\/\/moikk.hu\/wp-content\/uploads\/2024\/02\/Eszter-1778x2048.jpg 1778w, https:\/\/moikk.hu\/wp-content\/uploads\/2024\/02\/Eszter-300x346.jpg 300w, https:\/\/moikk.hu\/wp-content\/uploads\/2024\/02\/Eszter-850x979.jpg 850w\" sizes=\"auto, (max-width: 889px) 100vw, 889px\" \/><figcaption class=\"wp-element-caption\"><strong>Eszter<\/strong><\/figcaption><\/figure>\n\n\n\n<figure class=\"wp-block-image size-large is-style-default\"><img loading=\"lazy\" decoding=\"async\" width=\"700\" height=\"1024\" src=\"https:\/\/moikk.hu\/wp-content\/uploads\/2024\/02\/Leo-700x1024.jpg\" alt=\"\" class=\"wp-image-2924\" srcset=\"https:\/\/moikk.hu\/wp-content\/uploads\/2024\/02\/Leo-700x1024.jpg 700w, https:\/\/moikk.hu\/wp-content\/uploads\/2024\/02\/Leo-205x300.jpg 205w, https:\/\/moikk.hu\/wp-content\/uploads\/2024\/02\/Leo-768x1124.jpg 768w, https:\/\/moikk.hu\/wp-content\/uploads\/2024\/02\/Leo-1050x1536.jpg 1050w, https:\/\/moikk.hu\/wp-content\/uploads\/2024\/02\/Leo-1400x2048.jpg 1400w, https:\/\/moikk.hu\/wp-content\/uploads\/2024\/02\/Leo-300x439.jpg 300w, https:\/\/moikk.hu\/wp-content\/uploads\/2024\/02\/Leo-850x1244.jpg 850w, https:\/\/moikk.hu\/wp-content\/uploads\/2024\/02\/Leo-scaled.jpg 1749w\" sizes=\"auto, (max-width: 700px) 100vw, 700px\" \/><\/figure>\n\n\n\n<figure class=\"wp-block-image size-large is-style-default\"><img loading=\"lazy\" decoding=\"async\" width=\"743\" height=\"1024\" src=\"https:\/\/moikk.hu\/wp-content\/uploads\/2024\/02\/Sagittarius-743x1024.jpg\" alt=\"\" class=\"wp-image-2925\" srcset=\"https:\/\/moikk.hu\/wp-content\/uploads\/2024\/02\/Sagittarius-743x1024.jpg 743w, https:\/\/moikk.hu\/wp-content\/uploads\/2024\/02\/Sagittarius-218x300.jpg 218w, https:\/\/moikk.hu\/wp-content\/uploads\/2024\/02\/Sagittarius-768x1059.jpg 768w, https:\/\/moikk.hu\/wp-content\/uploads\/2024\/02\/Sagittarius-1114x1536.jpg 1114w, https:\/\/moikk.hu\/wp-content\/uploads\/2024\/02\/Sagittarius-1485x2048.jpg 1485w, https:\/\/moikk.hu\/wp-content\/uploads\/2024\/02\/Sagittarius-300x414.jpg 300w, https:\/\/moikk.hu\/wp-content\/uploads\/2024\/02\/Sagittarius-850x1172.jpg 850w, https:\/\/moikk.hu\/wp-content\/uploads\/2024\/02\/Sagittarius-scaled.jpg 1857w\" sizes=\"auto, (max-width: 743px) 100vw, 743px\" \/><\/figure>\n\n\n\n<figure class=\"wp-block-image size-large is-style-default\"><img loading=\"lazy\" decoding=\"async\" width=\"768\" height=\"1024\" src=\"https:\/\/moikk.hu\/wp-content\/uploads\/2024\/02\/Szent-Mihaly-harca-a-sarkannyal-768x1024.jpg\" alt=\"\" class=\"wp-image-2926\" srcset=\"https:\/\/moikk.hu\/wp-content\/uploads\/2024\/02\/Szent-Mihaly-harca-a-sarkannyal-768x1024.jpg 768w, https:\/\/moikk.hu\/wp-content\/uploads\/2024\/02\/Szent-Mihaly-harca-a-sarkannyal-225x300.jpg 225w, https:\/\/moikk.hu\/wp-content\/uploads\/2024\/02\/Szent-Mihaly-harca-a-sarkannyal-1152x1536.jpg 1152w, https:\/\/moikk.hu\/wp-content\/uploads\/2024\/02\/Szent-Mihaly-harca-a-sarkannyal-1536x2048.jpg 1536w, https:\/\/moikk.hu\/wp-content\/uploads\/2024\/02\/Szent-Mihaly-harca-a-sarkannyal-300x400.jpg 300w, https:\/\/moikk.hu\/wp-content\/uploads\/2024\/02\/Szent-Mihaly-harca-a-sarkannyal-850x1133.jpg 850w, https:\/\/moikk.hu\/wp-content\/uploads\/2024\/02\/Szent-Mihaly-harca-a-sarkannyal-scaled.jpg 1920w\" sizes=\"auto, (max-width: 768px) 100vw, 768px\" \/><figcaption class=\"wp-element-caption\"><strong>Szent Mih\u00e1ly harca a s\u00e1rk\u00e1nnyal<\/strong><\/figcaption><\/figure>\n\n\n\n<figure class=\"wp-block-image size-large is-style-default\"><img loading=\"lazy\" decoding=\"async\" width=\"755\" height=\"1024\" src=\"https:\/\/moikk.hu\/wp-content\/uploads\/2024\/02\/Zongoristak-755x1024.jpg\" alt=\"\" class=\"wp-image-2927\" srcset=\"https:\/\/moikk.hu\/wp-content\/uploads\/2024\/02\/Zongoristak-755x1024.jpg 755w, https:\/\/moikk.hu\/wp-content\/uploads\/2024\/02\/Zongoristak-221x300.jpg 221w, https:\/\/moikk.hu\/wp-content\/uploads\/2024\/02\/Zongoristak-768x1042.jpg 768w, https:\/\/moikk.hu\/wp-content\/uploads\/2024\/02\/Zongoristak-1132x1536.jpg 1132w, https:\/\/moikk.hu\/wp-content\/uploads\/2024\/02\/Zongoristak-1510x2048.jpg 1510w, https:\/\/moikk.hu\/wp-content\/uploads\/2024\/02\/Zongoristak-300x407.jpg 300w, https:\/\/moikk.hu\/wp-content\/uploads\/2024\/02\/Zongoristak-850x1153.jpg 850w, https:\/\/moikk.hu\/wp-content\/uploads\/2024\/02\/Zongoristak-scaled.jpg 1887w\" sizes=\"auto, (max-width: 755px) 100vw, 755px\" \/><figcaption class=\"wp-element-caption\"><strong>Zongorist\u00e1k<\/strong><\/figcaption><\/figure>\n\n\n\n<p class=\"has-white-color has-text-color has-link-color wp-elements-cf5f51c8cace32565597f368a6023ee6\">xx<\/p>\n\n\n\n<p style=\"font-size:26px\"><strong>Felt\u00f6ltve 2023-ban:<\/strong><\/p>\n\n\n\n<figure class=\"wp-block-gallery has-nested-images columns-default is-cropped wp-block-gallery-1 is-layout-flex wp-block-gallery-is-layout-flex\">\n<figure class=\"wp-block-image size-large is-style-default\"><img loading=\"lazy\" decoding=\"async\" width=\"768\" height=\"1024\" data-id=\"2374\" src=\"https:\/\/moikk.hu\/wp-content\/uploads\/2023\/01\/FO-Aurola-borealis-min-768x1024.jpeg\" alt=\"\" class=\"wp-image-2374\" srcset=\"https:\/\/moikk.hu\/wp-content\/uploads\/2023\/01\/FO-Aurola-borealis-min-768x1024.jpeg 768w, https:\/\/moikk.hu\/wp-content\/uploads\/2023\/01\/FO-Aurola-borealis-min-225x300.jpeg 225w, https:\/\/moikk.hu\/wp-content\/uploads\/2023\/01\/FO-Aurola-borealis-min-1152x1536.jpeg 1152w, https:\/\/moikk.hu\/wp-content\/uploads\/2023\/01\/FO-Aurola-borealis-min-1536x2048.jpeg 1536w, https:\/\/moikk.hu\/wp-content\/uploads\/2023\/01\/FO-Aurola-borealis-min-300x400.jpeg 300w, https:\/\/moikk.hu\/wp-content\/uploads\/2023\/01\/FO-Aurola-borealis-min-850x1133.jpeg 850w, https:\/\/moikk.hu\/wp-content\/uploads\/2023\/01\/FO-Aurola-borealis-min-scaled.jpeg 1920w\" sizes=\"auto, (max-width: 768px) 100vw, 768px\" \/><figcaption class=\"wp-element-caption\"><strong>Aurola Borealis<\/strong><\/figcaption><\/figure>\n<\/figure>\n\n\n\n<figure class=\"wp-block-gallery has-nested-images columns-default is-cropped wp-block-gallery-2 is-layout-flex wp-block-gallery-is-layout-flex\">\n<figure class=\"wp-block-image size-large is-style-default\"><img loading=\"lazy\" decoding=\"async\" width=\"768\" height=\"1024\" data-id=\"2375\" src=\"https:\/\/moikk.hu\/wp-content\/uploads\/2023\/01\/FO-Holdtunder-min-768x1024.jpeg\" alt=\"\" class=\"wp-image-2375\" srcset=\"https:\/\/moikk.hu\/wp-content\/uploads\/2023\/01\/FO-Holdtunder-min-768x1024.jpeg 768w, https:\/\/moikk.hu\/wp-content\/uploads\/2023\/01\/FO-Holdtunder-min-225x300.jpeg 225w, https:\/\/moikk.hu\/wp-content\/uploads\/2023\/01\/FO-Holdtunder-min-1152x1536.jpeg 1152w, https:\/\/moikk.hu\/wp-content\/uploads\/2023\/01\/FO-Holdtunder-min-1536x2048.jpeg 1536w, https:\/\/moikk.hu\/wp-content\/uploads\/2023\/01\/FO-Holdtunder-min-300x400.jpeg 300w, https:\/\/moikk.hu\/wp-content\/uploads\/2023\/01\/FO-Holdtunder-min-850x1133.jpeg 850w, https:\/\/moikk.hu\/wp-content\/uploads\/2023\/01\/FO-Holdtunder-min-scaled.jpeg 1920w\" sizes=\"auto, (max-width: 768px) 100vw, 768px\" \/><figcaption class=\"wp-element-caption\"><strong>Holdt\u00fcnd\u00e9r<\/strong><\/figcaption><\/figure>\n<\/figure>\n\n\n\n<figure class=\"wp-block-gallery has-nested-images columns-default is-cropped wp-block-gallery-3 is-layout-flex wp-block-gallery-is-layout-flex\">\n<figure class=\"wp-block-image size-large is-style-default\"><img loading=\"lazy\" decoding=\"async\" width=\"1024\" height=\"768\" data-id=\"2376\" src=\"https:\/\/moikk.hu\/wp-content\/uploads\/2023\/01\/FO-Kapualj-Isolan-min-1024x768.jpeg\" alt=\"\" class=\"wp-image-2376\" srcset=\"https:\/\/moikk.hu\/wp-content\/uploads\/2023\/01\/FO-Kapualj-Isolan-min-1024x768.jpeg 1024w, https:\/\/moikk.hu\/wp-content\/uploads\/2023\/01\/FO-Kapualj-Isolan-min-300x225.jpeg 300w, https:\/\/moikk.hu\/wp-content\/uploads\/2023\/01\/FO-Kapualj-Isolan-min-768x576.jpeg 768w, https:\/\/moikk.hu\/wp-content\/uploads\/2023\/01\/FO-Kapualj-Isolan-min-1536x1152.jpeg 1536w, https:\/\/moikk.hu\/wp-content\/uploads\/2023\/01\/FO-Kapualj-Isolan-min-2048x1536.jpeg 2048w, https:\/\/moikk.hu\/wp-content\/uploads\/2023\/01\/FO-Kapualj-Isolan-min-850x638.jpeg 850w\" sizes=\"auto, (max-width: 1024px) 100vw, 1024px\" \/><figcaption class=\"wp-element-caption\"><strong>Kapualj Isol\u00e1n<\/strong><\/figcaption><\/figure>\n<\/figure>\n\n\n\n<figure class=\"wp-block-gallery has-nested-images columns-default is-cropped wp-block-gallery-4 is-layout-flex wp-block-gallery-is-layout-flex\">\n<figure class=\"wp-block-image size-large is-style-default\"><img loading=\"lazy\" decoding=\"async\" width=\"768\" height=\"1024\" data-id=\"2377\" src=\"https:\/\/moikk.hu\/wp-content\/uploads\/2023\/01\/FO-Naptunder-min-768x1024.jpeg\" alt=\"\" class=\"wp-image-2377\" srcset=\"https:\/\/moikk.hu\/wp-content\/uploads\/2023\/01\/FO-Naptunder-min-768x1024.jpeg 768w, https:\/\/moikk.hu\/wp-content\/uploads\/2023\/01\/FO-Naptunder-min-225x300.jpeg 225w, https:\/\/moikk.hu\/wp-content\/uploads\/2023\/01\/FO-Naptunder-min-1152x1536.jpeg 1152w, https:\/\/moikk.hu\/wp-content\/uploads\/2023\/01\/FO-Naptunder-min-1536x2048.jpeg 1536w, https:\/\/moikk.hu\/wp-content\/uploads\/2023\/01\/FO-Naptunder-min-300x400.jpeg 300w, https:\/\/moikk.hu\/wp-content\/uploads\/2023\/01\/FO-Naptunder-min-850x1133.jpeg 850w, https:\/\/moikk.hu\/wp-content\/uploads\/2023\/01\/FO-Naptunder-min-scaled.jpeg 1920w\" sizes=\"auto, (max-width: 768px) 100vw, 768px\" \/><figcaption class=\"wp-element-caption\"><strong>Napt\u00fcnd\u00e9r<\/strong><\/figcaption><\/figure>\n<\/figure>\n\n\n\n<figure class=\"wp-block-gallery has-nested-images columns-default is-cropped wp-block-gallery-5 is-layout-flex wp-block-gallery-is-layout-flex\">\n<figure class=\"wp-block-image size-large is-style-default\"><img loading=\"lazy\" decoding=\"async\" width=\"768\" height=\"1024\" data-id=\"2378\" src=\"https:\/\/moikk.hu\/wp-content\/uploads\/2023\/01\/FO-Persephone-min-768x1024.jpeg\" alt=\"\" class=\"wp-image-2378\" srcset=\"https:\/\/moikk.hu\/wp-content\/uploads\/2023\/01\/FO-Persephone-min-768x1024.jpeg 768w, https:\/\/moikk.hu\/wp-content\/uploads\/2023\/01\/FO-Persephone-min-225x300.jpeg 225w, https:\/\/moikk.hu\/wp-content\/uploads\/2023\/01\/FO-Persephone-min-1152x1536.jpeg 1152w, https:\/\/moikk.hu\/wp-content\/uploads\/2023\/01\/FO-Persephone-min-1536x2048.jpeg 1536w, https:\/\/moikk.hu\/wp-content\/uploads\/2023\/01\/FO-Persephone-min-300x400.jpeg 300w, https:\/\/moikk.hu\/wp-content\/uploads\/2023\/01\/FO-Persephone-min-850x1133.jpeg 850w, https:\/\/moikk.hu\/wp-content\/uploads\/2023\/01\/FO-Persephone-min-scaled.jpeg 1920w\" sizes=\"auto, (max-width: 768px) 100vw, 768px\" \/><figcaption class=\"wp-element-caption\"><strong>Persephone<\/strong><\/figcaption><\/figure>\n<\/figure>\n\n\n\n<p class=\"has-white-color has-text-color has-link-color wp-elements-cf5f51c8cace32565597f368a6023ee6\">xx<\/p>\n\n\n\n<p style=\"font-size:26px\"><strong>Felt\u00f6ltve 2022-ben:<\/strong><\/p>\n\n\n\n<figure class=\"wp-block-gallery aligncenter has-nested-images columns-1 is-cropped wp-block-gallery-6 is-layout-flex wp-block-gallery-is-layout-flex\">\n<figure class=\"wp-block-image size-full is-style-default\"><img loading=\"lazy\" decoding=\"async\" width=\"1574\" height=\"2560\" data-id=\"1326\" src=\"https:\/\/moikk.hu\/wp-content\/uploads\/2022\/01\/Antiqes-Szentendre-min-scaled.jpg\" alt=\"\" class=\"wp-image-1326\" srcset=\"https:\/\/moikk.hu\/wp-content\/uploads\/2022\/01\/Antiqes-Szentendre-min-scaled.jpg 1574w, https:\/\/moikk.hu\/wp-content\/uploads\/2022\/01\/Antiqes-Szentendre-min-184x300.jpg 184w, https:\/\/moikk.hu\/wp-content\/uploads\/2022\/01\/Antiqes-Szentendre-min-630x1024.jpg 630w, https:\/\/moikk.hu\/wp-content\/uploads\/2022\/01\/Antiqes-Szentendre-min-768x1249.jpg 768w, https:\/\/moikk.hu\/wp-content\/uploads\/2022\/01\/Antiqes-Szentendre-min-944x1536.jpg 944w, https:\/\/moikk.hu\/wp-content\/uploads\/2022\/01\/Antiqes-Szentendre-min-1259x2048.jpg 1259w, https:\/\/moikk.hu\/wp-content\/uploads\/2022\/01\/Antiqes-Szentendre-min-300x488.jpg 300w, https:\/\/moikk.hu\/wp-content\/uploads\/2022\/01\/Antiqes-Szentendre-min-850x1383.jpg 850w\" sizes=\"auto, (max-width: 1574px) 100vw, 1574px\" \/><figcaption class=\"wp-element-caption\">Antiqes Szentendre (filctoll rajz)<\/figcaption><\/figure>\n\n\n\n<figure class=\"wp-block-image size-full is-style-default\"><img loading=\"lazy\" decoding=\"async\" width=\"1596\" height=\"2560\" data-id=\"1328\" src=\"https:\/\/moikk.hu\/wp-content\/uploads\/2022\/01\/Szentendre-II.-A5-min-scaled.jpg\" alt=\"\" class=\"wp-image-1328\" srcset=\"https:\/\/moikk.hu\/wp-content\/uploads\/2022\/01\/Szentendre-II.-A5-min-scaled.jpg 1596w, https:\/\/moikk.hu\/wp-content\/uploads\/2022\/01\/Szentendre-II.-A5-min-187x300.jpg 187w, https:\/\/moikk.hu\/wp-content\/uploads\/2022\/01\/Szentendre-II.-A5-min-638x1024.jpg 638w, https:\/\/moikk.hu\/wp-content\/uploads\/2022\/01\/Szentendre-II.-A5-min-768x1232.jpg 768w, https:\/\/moikk.hu\/wp-content\/uploads\/2022\/01\/Szentendre-II.-A5-min-957x1536.jpg 957w, https:\/\/moikk.hu\/wp-content\/uploads\/2022\/01\/Szentendre-II.-A5-min-1277x2048.jpg 1277w, https:\/\/moikk.hu\/wp-content\/uploads\/2022\/01\/Szentendre-II.-A5-min-300x481.jpg 300w, https:\/\/moikk.hu\/wp-content\/uploads\/2022\/01\/Szentendre-II.-A5-min-850x1364.jpg 850w\" sizes=\"auto, (max-width: 1596px) 100vw, 1596px\" \/><figcaption class=\"wp-element-caption\">Szentendre II. (filctoll rajz)<\/figcaption><\/figure>\n\n\n\n<figure class=\"wp-block-image size-full is-style-default\"><img loading=\"lazy\" decoding=\"async\" width=\"2560\" height=\"1732\" data-id=\"1329\" src=\"https:\/\/moikk.hu\/wp-content\/uploads\/2022\/01\/Teli-taj-A3-meret-pasztellkreta-min-scaled.jpg\" alt=\"\" class=\"wp-image-1329\" srcset=\"https:\/\/moikk.hu\/wp-content\/uploads\/2022\/01\/Teli-taj-A3-meret-pasztellkreta-min-scaled.jpg 2560w, https:\/\/moikk.hu\/wp-content\/uploads\/2022\/01\/Teli-taj-A3-meret-pasztellkreta-min-300x203.jpg 300w, https:\/\/moikk.hu\/wp-content\/uploads\/2022\/01\/Teli-taj-A3-meret-pasztellkreta-min-1024x693.jpg 1024w, https:\/\/moikk.hu\/wp-content\/uploads\/2022\/01\/Teli-taj-A3-meret-pasztellkreta-min-768x519.jpg 768w, https:\/\/moikk.hu\/wp-content\/uploads\/2022\/01\/Teli-taj-A3-meret-pasztellkreta-min-1536x1039.jpg 1536w, https:\/\/moikk.hu\/wp-content\/uploads\/2022\/01\/Teli-taj-A3-meret-pasztellkreta-min-2048x1385.jpg 2048w, https:\/\/moikk.hu\/wp-content\/uploads\/2022\/01\/Teli-taj-A3-meret-pasztellkreta-min-850x575.jpg 850w\" sizes=\"auto, (max-width: 2560px) 100vw, 2560px\" \/><figcaption class=\"wp-element-caption\">T\u00e9li t\u00e1j (pasztellkr\u00e9ta)<\/figcaption><\/figure>\n<\/figure>\n\n\n\n<p><\/p>\n","protected":false},"excerpt":{"rendered":"<p>. Felt\u00f6ltve 2024-ben: xx Felt\u00f6ltve 2023-ban: xx Felt\u00f6ltve 2022-ben:<\/p>\n","protected":false},"author":1,"featured_media":0,"parent":0,"menu_order":0,"comment_status":"closed","ping_status":"closed","template":"","meta":{"footnotes":""},"class_list":["post-1333","page","type-page","status-publish","hentry"],"_links":{"self":[{"href":"https:\/\/moikk.hu\/index.php\/wp-json\/wp\/v2\/pages\/1333","targetHints":{"allow":["GET"]}}],"collection":[{"href":"https:\/\/moikk.hu\/index.php\/wp-json\/wp\/v2\/pages"}],"about":[{"href":"https:\/\/moikk.hu\/index.php\/wp-json\/wp\/v2\/types\/page"}],"author":[{"embeddable":true,"href":"https:\/\/moikk.hu\/index.php\/wp-json\/wp\/v2\/users\/1"}],"replies":[{"embeddable":true,"href":"https:\/\/moikk.hu\/index.php\/wp-json\/wp\/v2\/comments?post=1333"}],"version-history":[{"count":9,"href":"https:\/\/moikk.hu\/index.php\/wp-json\/wp\/v2\/pages\/1333\/revisions"}],"predecessor-version":[{"id":3302,"href":"https:\/\/moikk.hu\/index.php\/wp-json\/wp\/v2\/pages\/1333\/revisions\/3302"}],"wp:attachment":[{"href":"https:\/\/moikk.hu\/index.php\/wp-json\/wp\/v2\/media?parent=1333"}],"curies":[{"name":"wp","href":"https:\/\/api.w.org\/{rel}","templated":true}]}}