{"id":1290,"date":"2022-01-13T12:14:14","date_gmt":"2022-01-13T12:14:14","guid":{"rendered":"https:\/\/moikk.hu\/?page_id=1290"},"modified":"2022-01-13T12:18:01","modified_gmt":"2022-01-13T12:18:01","slug":"2020-antologia","status":"publish","type":"page","link":"https:\/\/moikk.hu\/index.php\/2020-antologia\/","title":{"rendered":"2020 &#8211; Antol\u00f3gia"},"content":{"rendered":"\n<h1 class=\"wp-block-heading\"><strong>V\u00edrusok \u00e9s \u00c9vfordul\u00f3k \u2013 Rosszkedv\u00fcnk \u00e9ve 2020. (45.)<\/strong><\/h1>\n\n\n\n<p>Magyar Orvos \u00cdr\u00f3k \u00e9s K\u00e9pz\u0151m\u0171v\u00e9szek K\u00f6re, <strong>45. \u00e9vi Jubileumi Antol\u00f3gia<\/strong>. <\/p>\n\n\n\n<p>Szerkeszt\u0151: Dr. Misz \u00cdrisz eln\u00f6k. 274 oldal, Palatia Nyomda \u00e9s Kiad\u00f3 Kft., Gy\u0151r, 2021. ISBN 978-615-01-1608-2 .<\/p>\n\n\n\n<div data-wp-interactive=\"core\/file\" class=\"wp-block-file\"><object data-wp-bind--hidden=\"!state.hasPdfPreview\" hidden class=\"wp-block-file__embed\" data=\"https:\/\/moikk.hu\/wp-content\/uploads\/2022\/01\/Ant2020.pdf\" type=\"application\/pdf\" style=\"width:100%;height:600px\" aria-label=\"Ant2020 be\u00e1gyaz\u00e1sa be\u00e1gyaz\u00e1sa\"><\/object><a href=\"https:\/\/moikk.hu\/wp-content\/uploads\/2022\/01\/Ant2020.pdf\">Ant2020<\/a><a href=\"https:\/\/moikk.hu\/wp-content\/uploads\/2022\/01\/Ant2020.pdf\" class=\"wp-block-file__button\" download>Let\u00f6lt\u00e9s<\/a><\/div>\n\n\n\n<p>Forr\u00e1s: Gy\u00f3gyszer\u00e9szet, 2021\/11. sz\u00e1m., 65. \u00e9vf. 696. old.<\/p>\n","protected":false},"excerpt":{"rendered":"<p>V\u00edrusok \u00e9s \u00c9vfordul\u00f3k \u2013 Rosszkedv\u00fcnk \u00e9ve 2020. (45.) Magyar Orvos \u00cdr\u00f3k \u00e9s K\u00e9pz\u0151m\u0171v\u00e9szek K\u00f6re, 45. \u00e9vi Jubileumi Antol\u00f3gia. Szerkeszt\u0151: Dr. Misz \u00cdrisz eln\u00f6k. 274 oldal, Palatia Nyomda \u00e9s Kiad\u00f3 Kft., Gy\u0151r, 2021&#8230;.<\/p>\n","protected":false},"author":1,"featured_media":0,"parent":0,"menu_order":0,"comment_status":"closed","ping_status":"closed","template":"","meta":{"footnotes":""},"class_list":["post-1290","page","type-page","status-publish","hentry"],"_links":{"self":[{"href":"https:\/\/moikk.hu\/index.php\/wp-json\/wp\/v2\/pages\/1290","targetHints":{"allow":["GET"]}}],"collection":[{"href":"https:\/\/moikk.hu\/index.php\/wp-json\/wp\/v2\/pages"}],"about":[{"href":"https:\/\/moikk.hu\/index.php\/wp-json\/wp\/v2\/types\/page"}],"author":[{"embeddable":true,"href":"https:\/\/moikk.hu\/index.php\/wp-json\/wp\/v2\/users\/1"}],"replies":[{"embeddable":true,"href":"https:\/\/moikk.hu\/index.php\/wp-json\/wp\/v2\/comments?post=1290"}],"version-history":[{"count":2,"href":"https:\/\/moikk.hu\/index.php\/wp-json\/wp\/v2\/pages\/1290\/revisions"}],"predecessor-version":[{"id":1297,"href":"https:\/\/moikk.hu\/index.php\/wp-json\/wp\/v2\/pages\/1290\/revisions\/1297"}],"wp:attachment":[{"href":"https:\/\/moikk.hu\/index.php\/wp-json\/wp\/v2\/media?parent=1290"}],"curies":[{"name":"wp","href":"https:\/\/api.w.org\/{rel}","templated":true}]}}